{"id":805,"date":"2017-09-11T21:44:16","date_gmt":"2017-09-11T21:44:16","guid":{"rendered":"http:\/\/www.otac-roko.com\/goli-otok\/"},"modified":"2019-04-11T18:32:37","modified_gmt":"2019-04-11T18:32:37","slug":"goli-otok","status":"publish","type":"page","link":"https:\/\/www.otac-roko.com\/de\/goli-otok\/","title":{"rendered":"Goli otok"},"content":{"rendered":"<p><section class=\"ffb-id-qiudomo fg-section fg-text-light\"><div class=\"fg-container container-fluid fg-container-fluid fg-container-lvl--1 \"><div class=\"fg-row row    fg-row-match-cols\"  data-fg-match-cols=\"{&quot;1&quot;:&quot;0&quot;,&quot;2&quot;:&quot;0&quot;,&quot;3&quot;:&quot;0&quot;,&quot;4&quot;:&quot;1&quot;}\" ><div class=\"ffb-id-qiug00h fg-col col-xs-12 col-lg-6 col-lg-push-6 fg-el-has-bg fg-text-light\"><span class=\"fg-bg\"><span data-fg-bg=\"{&quot;type&quot;:&quot;parallax&quot;,&quot;url&quot;:&quot;https:\\\/\\\/www.otac-roko.com\\\/wp-content\\\/uploads\\\/2017\\\/09\\\/Goli-Otok14.jpg&quot;,&quot;opacity&quot;:&quot;1&quot;,&quot;width&quot;:&quot;800&quot;,&quot;height&quot;:&quot;600&quot;,&quot;speed&quot;:&quot;50&quot;,&quot;size&quot;:&quot;cover&quot;,&quot;offset_h&quot;:&quot;50&quot;,&quot;offset_v&quot;:&quot;50&quot;}\" class=\"fg-bg-layer fg-bg-type-parallax \" style=\"opacity: 1; background-image: url(&quot;https:\/\/www.otac-roko.com\/wp-content\/uploads\/2017\/09\/Goli-Otok14.jpg&quot;);\"><\/span><\/span><div class=\"fg-vcenter-wrapper\"><div class=\"fg-vcenter\"><div class=\"fg-match-column-inside-wrapper\"><\/div><\/div><\/div><\/div><div class=\"ffb-id-qiv75t2 fg-col col-xs-12 col-lg-6 col-lg-pull-6 fg-text-dark\"><div class=\"fg-vcenter-wrapper\"><div class=\"fg-vcenter\"><div class=\"fg-match-column-inside-wrapper\"><p class=\"ffb-id-qjdji78 fg-paragraph text-center    fg-text-dark\">An der Spitze von fast 100 m hohen steilen Ufern werden Bunker beobachtet. Steingemauerte Wohnungen und Geb\u00e4ude stumpfen den Zahn der Zeit zerst\u00f6rt. Besuchen Sie das jugoslawische \"Alcatraz\", ein ber\u00fcchtigtes und jetzt aufgegebenes Lager und Gef\u00e4ngnis f\u00fcr politische Gefangene, das 1952 erbaut wurde. Nach einem Besuch der Insel Goli Otok mit einem professionellen Reisef\u00fchrer freuen Sie sich auf die wundersch\u00f6ne Landschaft auf dem R\u00fcckweg zum Hafen.<\/p><\/div><\/div><\/div><\/div><\/div><\/div><\/section><style>.ffb-id-qiv75t2{ padding-top: 80px;padding-bottom: 80px;}.ffb-id-qjdji78{ padding-right: 30px;padding-left: 30px;}.ffb-id-qjdji78{ text-align: left !important;}.ffb-id-qjdji78 ,.ffb-id-qjdji78:before,.ffb-id-qjdji78:after,.ffb-id-qjdji78:hover,.ffb-id-qjdji78:focus,.ffb-id-qjdji78 *,.ffb-id-qjdji78 *:before,.ffb-id-qjdji78 *:after,.ffb-id-qjdji78 *:hover,.ffb-id-qjdji78 *:focus{ text-align: left !important;}.ffb-id-qiug00h{ padding-top: 80px;padding-bottom: 80px;}<\/style><script type=\"text\/javascript\"><\/script><section class=\"ffb-id-qiudomo fg-section fg-text-light\"><div class=\"fg-container container-fluid fg-container-fluid fg-container-lvl--1 \"><div class=\"fg-row row    fg-row-match-cols\"  data-fg-match-cols=\"{&quot;1&quot;:&quot;0&quot;,&quot;2&quot;:&quot;0&quot;,&quot;3&quot;:&quot;0&quot;,&quot;4&quot;:&quot;1&quot;}\" ><div class=\"ffb-id-qiug00h fg-col col-xs-12 col-lg-6 fg-el-has-bg fg-text-light\"><span class=\"fg-bg\"><span data-fg-bg=\"{&quot;type&quot;:&quot;parallax&quot;,&quot;url&quot;:&quot;https:\\\/\\\/www.otac-roko.com\\\/wp-content\\\/uploads\\\/2017\\\/09\\\/Goli-Otok23.jpg&quot;,&quot;opacity&quot;:&quot;1&quot;,&quot;width&quot;:&quot;800&quot;,&quot;height&quot;:&quot;600&quot;,&quot;speed&quot;:&quot;50&quot;,&quot;size&quot;:&quot;cover&quot;,&quot;offset_h&quot;:&quot;50&quot;,&quot;offset_v&quot;:&quot;50&quot;}\" class=\"fg-bg-layer fg-bg-type-parallax \" style=\"opacity: 1; background-image: url(&quot;https:\/\/www.otac-roko.com\/wp-content\/uploads\/2017\/09\/Goli-Otok23.jpg&quot;);\"><\/span><\/span><div class=\"fg-vcenter-wrapper\"><div class=\"fg-vcenter\"><div class=\"fg-match-column-inside-wrapper\"><\/div><\/div><\/div><\/div><div class=\"ffb-id-qiv75t2 fg-col col-xs-12 col-lg-6 fg-text-dark\"><div class=\"fg-vcenter-wrapper\"><div class=\"fg-vcenter\"><div class=\"fg-match-column-inside-wrapper\"><p class=\"ffb-id-qjddhp2 fg-paragraph text-center    fg-text-dark\"><\/p>\n<ul>\n<li>Starthafen Krk<\/li>\n<li>Ausflug \u2013 Schnaps f\u00fcr Eillkommen - Fahrt in die Bucht von Krk - ca. 20 min<\/li>\n<li>Mahlzeit an Bord - Fischportionen \u2013 Brot mit Sardinen - wir servieren durch Fahrt entlang der K\u00fcste von Krk - Panorama der K\u00fcste von Stare Ba\u0161ka - ca. 30 min<\/li>\n<li>\u00dcber die Insel Sveti Grgur fahren - ca. 40 min<\/li>\n<li>Fahrt entlang der K\u00fcste der Insel Sv. Grgur - der n\u00f6rdliche Teil der Insel - extrem steile K\u00fcste und hohe, fast senkrechte Felsen, die bis zu 100 Meter hoch sind- auf der Spitze des Felsens befinden sich Bunker aus den Jahren 1952 und 1970. als die ganze Insel in ein Gef\u00e4ngnis f\u00fcr politische Gefangene umgewandelt wurde - etwa 20 Minuten<\/li>\n<li>Verlassen der K\u00fcste der Insel Grgur und Ann\u00e4herung an die Insel Goli Otok - cca 20 min<\/li>\n<li>Ann\u00e4herung zur Insel Goli Otok<\/li>\n<\/ul>\n<p><\/p><\/div><\/div><\/div><\/div><\/div><\/div><\/section><style>.ffb-id-qiv75t2{ \npadding-top: 80px;\npadding-bottom: 80px;\n\n}\n.ffb-id-qjdji78{ \npadding-right: 30px;\npadding-left: 30px;\n\n}\n.ffb-id-qjdji78{ \ntext-align: left !important;\n}\n.ffb-id-qjdji78 ,\n.ffb-id-qjdji78:before,\n.ffb-id-qjdji78:after,\n.ffb-id-qjdji78:hover,\n.ffb-id-qjdji78:focus,\n.ffb-id-qjdji78 *,\n.ffb-id-qjdji78 *:before,\n.ffb-id-qjdji78 *:after,\n.ffb-id-qjdji78 *:hover,\n.ffb-id-qjdji78 *:focus{ \ntext-align: left !important;\n}\n.ffb-id-qiug00h{ \npadding-top: 80px;\npadding-bottom: 80px;\n\n}\n.ffb-id-qjddhp2{ padding-right: 30px;padding-left: 30px;}.ffb-id-qjddhp2{ text-align: left !important;}.ffb-id-qjddhp2 ,.ffb-id-qjddhp2:before,.ffb-id-qjddhp2:after,.ffb-id-qjddhp2:hover,.ffb-id-qjddhp2:focus,.ffb-id-qjddhp2 *,.ffb-id-qjddhp2 *:before,.ffb-id-qjddhp2 *:after,.ffb-id-qjddhp2 *:hover,.ffb-id-qjddhp2 *:focus{ text-align: left !important;}<\/style><script type=\"text\/javascript\"><\/script><section class=\"ffb-id-1hv0ucdm fg-section fg-text-light\"><div class=\"fg-container container-fluid fg-container-fluid fg-container-lvl--1 \"><div class=\"fg-row row    fg-row-match-cols\"  data-fg-match-cols=\"{&quot;1&quot;:&quot;0&quot;,&quot;2&quot;:&quot;0&quot;,&quot;3&quot;:&quot;0&quot;,&quot;4&quot;:&quot;1&quot;}\" ><div class=\"ffb-id-1hv0ucdn fg-col col-xs-12 col-lg-6 col-lg-push-6 fg-el-has-bg fg-text-light\"><span class=\"fg-bg\"><span data-fg-bg=\"{&quot;type&quot;:&quot;parallax&quot;,&quot;url&quot;:&quot;https:\\\/\\\/www.otac-roko.com\\\/wp-content\\\/uploads\\\/2017\\\/09\\\/Goli-Otok2.jpg&quot;,&quot;opacity&quot;:&quot;1&quot;,&quot;width&quot;:&quot;800&quot;,&quot;height&quot;:&quot;600&quot;,&quot;speed&quot;:&quot;50&quot;,&quot;size&quot;:&quot;cover&quot;,&quot;offset_h&quot;:&quot;50&quot;,&quot;offset_v&quot;:&quot;50&quot;}\" class=\"fg-bg-layer fg-bg-type-parallax \" style=\"opacity: 1; background-image: url(&quot;https:\/\/www.otac-roko.com\/wp-content\/uploads\/2017\/09\/Goli-Otok2.jpg&quot;);\"><\/span><\/span><div class=\"fg-vcenter-wrapper\"><div class=\"fg-vcenter\"><div class=\"fg-match-column-inside-wrapper\"><\/div><\/div><\/div><\/div><div class=\"ffb-id-1hv0ucdq fg-col col-xs-12 col-lg-6 col-lg-pull-6 fg-text-dark\"><div class=\"fg-vcenter-wrapper\"><div class=\"fg-vcenter\"><div class=\"fg-match-column-inside-wrapper\"><p class=\"ffb-id-1hv0ucds fg-paragraph text-center    fg-text-dark\">Insel Goli Otok - bekannt als das jugoslawische \"Alkatraz\" in der Zeit zwischen 1952-1989. Er diente als Gefangenenlager f\u00fcr politische Gefangene - gegr\u00fcndet von jugoslawischen Kommunisten auf Befehl von Josip Broz Tito, der seine politischen Gegner - Priester, Bauern, Arbeiter, Geheimdienste und Soldaten - alle, die eine andere Meinung von Tito hatten.<\/p>\n<p>Die G\u00e4ste werden die Insel besuchen, auf der sich gro\u00dfe Komplexe befinden - zellulare Geb\u00e4ude - Werkst\u00e4tten, in denen Gefangene verschiedene Dinge produziert haben - z. B. Koch, Fliesen, M\u00f6bel usw. Die Tour wird unter der Leitung eines ehemaligen Gefangene organisiert und dauert nach Vereinbarung zwischen 2,5 und 3 Stunden<br \/>\n<\/p><\/div><\/div><\/div><\/div><\/div><\/div><\/section><style>.ffb-id-qjddhp2{ \npadding-right: 30px;\npadding-left: 30px;\n\n}\n.ffb-id-qjddhp2{ \ntext-align: left !important;\n}\n.ffb-id-qjddhp2 ,\n.ffb-id-qjddhp2:before,\n.ffb-id-qjddhp2:after,\n.ffb-id-qjddhp2:hover,\n.ffb-id-qjddhp2:focus,\n.ffb-id-qjddhp2 *,\n.ffb-id-qjddhp2 *:before,\n.ffb-id-qjddhp2 *:after,\n.ffb-id-qjddhp2 *:hover,\n.ffb-id-qjddhp2 *:focus{ \ntext-align: left !important;\n}\n.ffb-id-1hv0ucdq{ padding-top: 80px;padding-bottom: 80px;}.ffb-id-1hv0ucds{ padding-right: 30px;padding-left: 30px;}.ffb-id-1hv0ucds{ text-align: left !important;}.ffb-id-1hv0ucds ,.ffb-id-1hv0ucds:before,.ffb-id-1hv0ucds:after,.ffb-id-1hv0ucds:hover,.ffb-id-1hv0ucds:focus,.ffb-id-1hv0ucds *,.ffb-id-1hv0ucds *:before,.ffb-id-1hv0ucds *:after,.ffb-id-1hv0ucds *:hover,.ffb-id-1hv0ucds *:focus{ text-align: left !important;}.ffb-id-1hv0ucdn{ padding-top: 80px;padding-bottom: 80px;}<\/style><script type=\"text\/javascript\"><\/script><section class=\"ffb-id-qiudomo fg-section fg-text-light\"><div class=\"fg-container container-fluid fg-container-fluid fg-container-lvl--1 \"><div class=\"fg-row row    fg-row-match-cols\"  data-fg-match-cols=\"{&quot;1&quot;:&quot;0&quot;,&quot;2&quot;:&quot;0&quot;,&quot;3&quot;:&quot;0&quot;,&quot;4&quot;:&quot;1&quot;}\" ><div class=\"ffb-id-qiug00h fg-col col-xs-12 col-lg-6 fg-el-has-bg fg-text-light\"><span class=\"fg-bg\"><span data-fg-bg=\"{&quot;type&quot;:&quot;parallax&quot;,&quot;url&quot;:&quot;https:\\\/\\\/www.otac-roko.com\\\/wp-content\\\/uploads\\\/2017\\\/09\\\/Goli-Otok17.jpg&quot;,&quot;opacity&quot;:&quot;1&quot;,&quot;width&quot;:&quot;800&quot;,&quot;height&quot;:&quot;600&quot;,&quot;speed&quot;:&quot;50&quot;,&quot;size&quot;:&quot;cover&quot;,&quot;offset_h&quot;:&quot;50&quot;,&quot;offset_v&quot;:&quot;50&quot;}\" class=\"fg-bg-layer fg-bg-type-parallax \" style=\"opacity: 1; background-image: url(&quot;https:\/\/www.otac-roko.com\/wp-content\/uploads\/2017\/09\/Goli-Otok17.jpg&quot;);\"><\/span><\/span><div class=\"fg-vcenter-wrapper\"><div class=\"fg-vcenter\"><div class=\"fg-match-column-inside-wrapper\"><\/div><\/div><\/div><\/div><div class=\"ffb-id-qiv75t2 fg-col col-xs-12 col-lg-6 fg-text-dark\"><div class=\"fg-vcenter-wrapper\"><div class=\"fg-vcenter\"><div class=\"fg-match-column-inside-wrapper\"><p class=\"ffb-id-qjddhp2 fg-paragraph text-center    fg-text-dark\">R\u00fcckkehr zum Schiff zum Mittagessen - Mittagessen an Bord - Fisch oder gegrilltes Fleisch sowie Vorspeise und Getr\u00e4nke - in der Mittagspause absegeln. Segeln entlang der S\u00fcdk\u00fcste der Insel Grgur und das Erreichen der Bucht von Grgur etwa 30 Minuten. Beitritt zu Grgur eine Pause f\u00fcr einen Besuch im Gefangenenlager von Grgur - einem ehemaligen politischen Gefangenenlager von 1952-1971. Nur Frauen wurden inhaftiert - eine k\u00fcrzere Besichtigung der \u00dcberreste des Gefangenenlager f\u00fcr etwa 30 Minuten. Oder an einem nahe gelegenen Strand schwimmen - Kaffee f\u00fcr alle - Absegeln<\/p><\/div><\/div><\/div><\/div><\/div><\/div><\/section><style>.ffb-id-1hv0ucdq{ \npadding-top: 80px;\npadding-bottom: 80px;\n\n}\n.ffb-id-1hv0ucds{ \npadding-right: 30px;\npadding-left: 30px;\n\n}\n.ffb-id-1hv0ucds{ \ntext-align: left !important;\n}\n.ffb-id-1hv0ucds ,\n.ffb-id-1hv0ucds:before,\n.ffb-id-1hv0ucds:after,\n.ffb-id-1hv0ucds:hover,\n.ffb-id-1hv0ucds:focus,\n.ffb-id-1hv0ucds *,\n.ffb-id-1hv0ucds *:before,\n.ffb-id-1hv0ucds *:after,\n.ffb-id-1hv0ucds *:hover,\n.ffb-id-1hv0ucds *:focus{ \ntext-align: left !important;\n}\n.ffb-id-1hv0ucdn{ \npadding-top: 80px;\npadding-bottom: 80px;\n\n}\n<\/style><script type=\"text\/javascript\"><\/script><section class=\"ffb-id-qiudomo fg-section fg-text-light\"><div class=\"fg-container container-fluid fg-container-fluid fg-container-lvl--1 \"><div class=\"fg-row row    fg-row-match-cols\"  data-fg-match-cols=\"{&quot;1&quot;:&quot;0&quot;,&quot;2&quot;:&quot;0&quot;,&quot;3&quot;:&quot;0&quot;,&quot;4&quot;:&quot;1&quot;}\" ><div class=\"ffb-id-qiug00h fg-col col-xs-12 col-lg-6 col-lg-push-6 fg-el-has-bg fg-text-light\"><span class=\"fg-bg\"><span data-fg-bg=\"{&quot;type&quot;:&quot;parallax&quot;,&quot;url&quot;:&quot;https:\\\/\\\/www.otac-roko.com\\\/wp-content\\\/uploads\\\/2017\\\/09\\\/Goli-Otok27.jpg&quot;,&quot;opacity&quot;:&quot;1&quot;,&quot;width&quot;:&quot;800&quot;,&quot;height&quot;:&quot;600&quot;,&quot;speed&quot;:&quot;50&quot;,&quot;size&quot;:&quot;cover&quot;,&quot;offset_h&quot;:&quot;50&quot;,&quot;offset_v&quot;:&quot;50&quot;}\" class=\"fg-bg-layer fg-bg-type-parallax \" style=\"opacity: 1; background-image: url(&quot;https:\/\/www.otac-roko.com\/wp-content\/uploads\/2017\/09\/Goli-Otok27.jpg&quot;);\"><\/span><\/span><div class=\"fg-vcenter-wrapper\"><div class=\"fg-vcenter\"><div class=\"fg-match-column-inside-wrapper\"><\/div><\/div><\/div><\/div><div class=\"ffb-id-qiv75t2 fg-col col-xs-12 col-lg-6 col-lg-pull-6 fg-text-dark\"><div class=\"fg-vcenter-wrapper\"><div class=\"fg-vcenter\"><div class=\"fg-match-column-inside-wrapper\"><p class=\"ffb-id-qjdji78 fg-paragraph text-center    fg-text-dark\"><\/p>\n<ul>\n<li>Segeln zur Insel Galuna<\/li>\n<li>Galun Insel - M\u00f6wen Insel - Stoppen direkt an der Inselk\u00fcste - die Personal f\u00fcttert die M\u00f6wen und dann die G\u00e4ste<\/li>\n<li>Segeln entlang der S\u00fcdk\u00fcste der Insel Grgur und das Erreichen der Bucht von Grgur etwa 30 Minuten<\/li>\n<\/ul>\n<p><\/p><\/div><\/div><\/div><\/div><\/div><\/div><\/section><style><\/style><script type=\"text\/javascript\"><\/script><section class=\"ffb-id-qiudomo fg-section fg-text-light\"><div class=\"fg-container container-fluid fg-container-fluid fg-container-lvl--1 \"><div class=\"fg-row row    fg-row-match-cols\"  data-fg-match-cols=\"{&quot;1&quot;:&quot;0&quot;,&quot;2&quot;:&quot;0&quot;,&quot;3&quot;:&quot;0&quot;,&quot;4&quot;:&quot;1&quot;}\" ><div class=\"ffb-id-qiug00h fg-col col-xs-12 col-lg-6 fg-el-has-bg fg-text-light\"><span class=\"fg-bg\"><span data-fg-bg=\"{&quot;type&quot;:&quot;parallax&quot;,&quot;url&quot;:&quot;https:\\\/\\\/www.otac-roko.com\\\/wp-content\\\/uploads\\\/2017\\\/09\\\/Goli-Otok24.jpg&quot;,&quot;opacity&quot;:&quot;1&quot;,&quot;width&quot;:&quot;800&quot;,&quot;height&quot;:&quot;600&quot;,&quot;speed&quot;:&quot;50&quot;,&quot;size&quot;:&quot;cover&quot;,&quot;offset_h&quot;:&quot;50&quot;,&quot;offset_v&quot;:&quot;50&quot;}\" class=\"fg-bg-layer fg-bg-type-parallax \" style=\"opacity: 1; background-image: url(&quot;https:\/\/www.otac-roko.com\/wp-content\/uploads\/2017\/09\/Goli-Otok24.jpg&quot;);\"><\/span><\/span><div class=\"fg-vcenter-wrapper\"><div class=\"fg-vcenter\"><div class=\"fg-match-column-inside-wrapper\"><\/div><\/div><\/div><\/div><div class=\"ffb-id-qiv75t2 fg-col col-xs-12 col-lg-6 fg-text-dark\"><div class=\"fg-vcenter-wrapper\"><div class=\"fg-vcenter\"><div class=\"fg-match-column-inside-wrapper\"><p class=\"ffb-id-qjddhp2 fg-paragraph text-center    fg-text-dark\"><\/p>\n<ul>\n<li>Beitritt zu Grgur<\/li>\n<li>eine Pause f\u00fcr einen Besuch im Gefangenenlager von Grgur - einem ehemaligen politischen Gefangenenlager von 1952-1971. Nur\n<li>Frauen wurden inhaftiert - eine k\u00fcrzere Besichtigung der \u00dcberreste des Gef\u00e4ngnisses f\u00fcr etwa 30 Minuten.<\/li>\n<li>oder an einem nahe gelegenen Strand schwimmen - Kaffee f\u00fcr alle - Absegeln<\/li>\n<li>Segeln zur Insel Galun<\/li>\n<li>Galun Insel - M\u00f6wen Insel - Stoppen direkt an der Inselk\u00fcste - die personal f\u00fcttert die M\u00f6wen und dann die G\u00e4ste<\/li>\n<p>\u00a0<\/p><\/div><\/div><\/div><\/div><\/div><\/div><\/section><style><\/style><script type=\"text\/javascript\"><\/script><\/p>\n","protected":false},"excerpt":{"rendered":"","protected":false},"author":2,"featured_media":0,"parent":0,"menu_order":10,"comment_status":"closed","ping_status":"closed","template":"","meta":{"footnotes":""},"class_list":["post-805","page","type-page","status-publish","hentry","post-wrapper"],"yoast_head":"<!-- This site is optimized with the Yoast SEO plugin v26.6 - https:\/\/yoast.com\/wordpress\/plugins\/seo\/ -->\n<title>Goli otok - OTAC ROKO<\/title>\n<meta name=\"robots\" content=\"index, follow, max-snippet:-1, max-image-preview:large, max-video-preview:-1\" \/>\n<link rel=\"canonical\" href=\"https:\/\/www.otac-roko.com\/goli-otok\/?lang=de\" \/>\n<meta property=\"og:locale\" content=\"de_DE\" \/>\n<meta property=\"og:type\" content=\"article\" \/>\n<meta property=\"og:title\" content=\"Goli otok - OTAC ROKO\" \/>\n<meta property=\"og:url\" content=\"https:\/\/www.otac-roko.com\/goli-otok\/?lang=de\" \/>\n<meta property=\"og:site_name\" content=\"OTAC ROKO\" \/>\n<meta property=\"article:modified_time\" content=\"2019-04-11T18:32:37+00:00\" \/>\n<meta name=\"twitter:card\" content=\"summary_large_image\" \/>\n<meta name=\"twitter:label1\" content=\"Gesch\u00e4tzte Lesezeit\" \/>\n\t<meta name=\"twitter:data1\" content=\"17\u00a0Minuten\" \/>\n<script type=\"application\/ld+json\" class=\"yoast-schema-graph\">{\"@context\":\"https:\/\/schema.org\",\"@graph\":[{\"@type\":\"WebPage\",\"@id\":\"https:\/\/www.otac-roko.com\/goli-otok\/?lang=de\",\"url\":\"https:\/\/www.otac-roko.com\/goli-otok\/?lang=de\",\"name\":\"Goli otok - OTAC ROKO\",\"isPartOf\":{\"@id\":\"https:\/\/www.otac-roko.com\/#website\"},\"datePublished\":\"2017-09-11T21:44:16+00:00\",\"dateModified\":\"2019-04-11T18:32:37+00:00\",\"breadcrumb\":{\"@id\":\"https:\/\/www.otac-roko.com\/goli-otok\/?lang=de#breadcrumb\"},\"inLanguage\":\"de\",\"potentialAction\":[{\"@type\":\"ReadAction\",\"target\":[\"https:\/\/www.otac-roko.com\/goli-otok\/?lang=de\"]}]},{\"@type\":\"BreadcrumbList\",\"@id\":\"https:\/\/www.otac-roko.com\/goli-otok\/?lang=de#breadcrumb\",\"itemListElement\":[{\"@type\":\"ListItem\",\"position\":1,\"name\":\"Home\",\"item\":\"https:\/\/www.otac-roko.com\/de\/\"},{\"@type\":\"ListItem\",\"position\":2,\"name\":\"Goli otok\"}]},{\"@type\":\"WebSite\",\"@id\":\"https:\/\/www.otac-roko.com\/#website\",\"url\":\"https:\/\/www.otac-roko.com\/\",\"name\":\"OTAC ROKO\",\"description\":\"Pustolovina po\u010dinje...\",\"potentialAction\":[{\"@type\":\"SearchAction\",\"target\":{\"@type\":\"EntryPoint\",\"urlTemplate\":\"https:\/\/www.otac-roko.com\/?s={search_term_string}\"},\"query-input\":{\"@type\":\"PropertyValueSpecification\",\"valueRequired\":true,\"valueName\":\"search_term_string\"}}],\"inLanguage\":\"de\"}]}<\/script>\n<!-- \/ Yoast SEO plugin. -->","yoast_head_json":{"title":"Goli otok - OTAC ROKO","robots":{"index":"index","follow":"follow","max-snippet":"max-snippet:-1","max-image-preview":"max-image-preview:large","max-video-preview":"max-video-preview:-1"},"canonical":"https:\/\/www.otac-roko.com\/goli-otok\/?lang=de","og_locale":"de_DE","og_type":"article","og_title":"Goli otok - OTAC ROKO","og_url":"https:\/\/www.otac-roko.com\/goli-otok\/?lang=de","og_site_name":"OTAC ROKO","article_modified_time":"2019-04-11T18:32:37+00:00","twitter_card":"summary_large_image","twitter_misc":{"Gesch\u00e4tzte Lesezeit":"17\u00a0Minuten"},"schema":{"@context":"https:\/\/schema.org","@graph":[{"@type":"WebPage","@id":"https:\/\/www.otac-roko.com\/goli-otok\/?lang=de","url":"https:\/\/www.otac-roko.com\/goli-otok\/?lang=de","name":"Goli otok - OTAC ROKO","isPartOf":{"@id":"https:\/\/www.otac-roko.com\/#website"},"datePublished":"2017-09-11T21:44:16+00:00","dateModified":"2019-04-11T18:32:37+00:00","breadcrumb":{"@id":"https:\/\/www.otac-roko.com\/goli-otok\/?lang=de#breadcrumb"},"inLanguage":"de","potentialAction":[{"@type":"ReadAction","target":["https:\/\/www.otac-roko.com\/goli-otok\/?lang=de"]}]},{"@type":"BreadcrumbList","@id":"https:\/\/www.otac-roko.com\/goli-otok\/?lang=de#breadcrumb","itemListElement":[{"@type":"ListItem","position":1,"name":"Home","item":"https:\/\/www.otac-roko.com\/de\/"},{"@type":"ListItem","position":2,"name":"Goli otok"}]},{"@type":"WebSite","@id":"https:\/\/www.otac-roko.com\/#website","url":"https:\/\/www.otac-roko.com\/","name":"OTAC ROKO","description":"Pustolovina po\u010dinje...","potentialAction":[{"@type":"SearchAction","target":{"@type":"EntryPoint","urlTemplate":"https:\/\/www.otac-roko.com\/?s={search_term_string}"},"query-input":{"@type":"PropertyValueSpecification","valueRequired":true,"valueName":"search_term_string"}}],"inLanguage":"de"}]}},"_links":{"self":[{"href":"https:\/\/www.otac-roko.com\/de\/wp-json\/wp\/v2\/pages\/805","targetHints":{"allow":["GET"]}}],"collection":[{"href":"https:\/\/www.otac-roko.com\/de\/wp-json\/wp\/v2\/pages"}],"about":[{"href":"https:\/\/www.otac-roko.com\/de\/wp-json\/wp\/v2\/types\/page"}],"author":[{"embeddable":true,"href":"https:\/\/www.otac-roko.com\/de\/wp-json\/wp\/v2\/users\/2"}],"replies":[{"embeddable":true,"href":"https:\/\/www.otac-roko.com\/de\/wp-json\/wp\/v2\/comments?post=805"}],"version-history":[{"count":10,"href":"https:\/\/www.otac-roko.com\/de\/wp-json\/wp\/v2\/pages\/805\/revisions"}],"predecessor-version":[{"id":1242,"href":"https:\/\/www.otac-roko.com\/de\/wp-json\/wp\/v2\/pages\/805\/revisions\/1242"}],"wp:attachment":[{"href":"https:\/\/www.otac-roko.com\/de\/wp-json\/wp\/v2\/media?parent=805"}],"curies":[{"name":"wp","href":"https:\/\/api.w.org\/{rel}","templated":true}]}}