{"id":813,"date":"2017-09-11T21:43:40","date_gmt":"2017-09-11T21:43:40","guid":{"rendered":"http:\/\/www.otac-roko.com\/panorama-kosljun\/"},"modified":"2019-04-10T14:38:09","modified_gmt":"2019-04-10T14:38:09","slug":"panorama-kosljun","status":"publish","type":"page","link":"https:\/\/www.otac-roko.com\/de\/panorama-kosljun\/","title":{"rendered":"Panorama Ko\u0161ljun"},"content":{"rendered":"<p><section class=\"ffb-id-qiudomo fg-section fg-text-light\"><div class=\"fg-container container-fluid fg-container-fluid fg-container-lvl--1 \"><div class=\"fg-row row    fg-row-match-cols\"  data-fg-match-cols=\"{&quot;1&quot;:&quot;0&quot;,&quot;2&quot;:&quot;0&quot;,&quot;3&quot;:&quot;0&quot;,&quot;4&quot;:&quot;1&quot;}\" ><div class=\"ffb-id-qiug00h fg-col col-xs-12 col-lg-6 col-lg-push-6 fg-el-has-bg fg-text-light\"><span class=\"fg-bg\"><span data-fg-bg=\"{&quot;type&quot;:&quot;parallax&quot;,&quot;url&quot;:&quot;https:\\\/\\\/www.otac-roko.com\\\/wp-content\\\/uploads\\\/2017\\\/09\\\/Panorama-Kosljun11.jpg&quot;,&quot;opacity&quot;:&quot;1&quot;,&quot;width&quot;:&quot;800&quot;,&quot;height&quot;:&quot;600&quot;,&quot;speed&quot;:&quot;50&quot;,&quot;size&quot;:&quot;cover&quot;,&quot;offset_h&quot;:&quot;50&quot;,&quot;offset_v&quot;:&quot;50&quot;}\" class=\"fg-bg-layer fg-bg-type-parallax \" style=\"opacity: 1; background-image: url(&quot;https:\/\/www.otac-roko.com\/wp-content\/uploads\/2017\/09\/Panorama-Kosljun11.jpg&quot;);\"><\/span><\/span><div class=\"fg-vcenter-wrapper\"><div class=\"fg-vcenter\"><div class=\"fg-match-column-inside-wrapper\"><\/div><\/div><\/div><\/div><div class=\"ffb-id-qiv75t2 fg-col col-xs-12 col-lg-6 col-lg-pull-6 fg-text-dark\"><div class=\"fg-vcenter-wrapper\"><div class=\"fg-vcenter\"><div class=\"fg-match-column-inside-wrapper\"><p class=\"ffb-id-qjdji78 fg-paragraph text-center    fg-text-dark\">In Puntarska Draga gibt es ein wahres Juwel der Insel Krk - der Insel Ko\u0161ljun. Eine reiche Geschichte aus der vorchristlichen Zeit, das Franziskanerkloster und das Museum mit \u00fcber 30.000 B\u00fcchern, zoologischen und ethnographischen Sammlungen sind ein ausreichender Grund, um Ko\u0161ljun zu besuchen. Die Tour von Plavnik mit der M\u00f6glichkeit einer Vereinbarung \u00fcber die Dauer dieser Reise - das wundersch\u00f6ne Panorama dieses Teils der Insel von unserem Boot aus ist ein Vergn\u00fcgen, das Sie erleben m\u00fcssen ...<\/p><\/div><\/div><\/div><\/div><\/div><\/div><\/section><style>.ffb-id-qiv75t2{ padding-top: 80px;padding-bottom: 80px;}.ffb-id-qjdji78{ padding-right: 30px;padding-left: 30px;}.ffb-id-qjdji78{ text-align: left !important;}.ffb-id-qjdji78 ,.ffb-id-qjdji78:before,.ffb-id-qjdji78:after,.ffb-id-qjdji78:hover,.ffb-id-qjdji78:focus,.ffb-id-qjdji78 *,.ffb-id-qjdji78 *:before,.ffb-id-qjdji78 *:after,.ffb-id-qjdji78 *:hover,.ffb-id-qjdji78 *:focus{ text-align: left !important;}.ffb-id-qiug00h{ padding-top: 80px;padding-bottom: 80px;}<\/style><script type=\"text\/javascript\"><\/script><section class=\"ffb-id-qiudomo fg-section fg-text-light\"><div class=\"fg-container container-fluid fg-container-fluid fg-container-lvl--1 \"><div class=\"fg-row row    fg-row-match-cols\"  data-fg-match-cols=\"{&quot;1&quot;:&quot;0&quot;,&quot;2&quot;:&quot;0&quot;,&quot;3&quot;:&quot;0&quot;,&quot;4&quot;:&quot;1&quot;}\" ><div class=\"ffb-id-qiug00h fg-col col-xs-12 col-lg-6 fg-el-has-bg fg-text-light\"><span class=\"fg-bg\"><span data-fg-bg=\"{&quot;type&quot;:&quot;parallax&quot;,&quot;url&quot;:&quot;https:\\\/\\\/www.otac-roko.com\\\/wp-content\\\/uploads\\\/2017\\\/09\\\/Panorama-Kosljun5.jpg&quot;,&quot;opacity&quot;:&quot;1&quot;,&quot;width&quot;:&quot;800&quot;,&quot;height&quot;:&quot;600&quot;,&quot;speed&quot;:&quot;50&quot;,&quot;size&quot;:&quot;cover&quot;,&quot;offset_h&quot;:&quot;50&quot;,&quot;offset_v&quot;:&quot;50&quot;}\" class=\"fg-bg-layer fg-bg-type-parallax \" style=\"opacity: 1; background-image: url(&quot;https:\/\/www.otac-roko.com\/wp-content\/uploads\/2017\/09\/Panorama-Kosljun5.jpg&quot;);\"><\/span><\/span><div class=\"fg-vcenter-wrapper\"><div class=\"fg-vcenter\"><div class=\"fg-match-column-inside-wrapper\"><\/div><\/div><\/div><\/div><div class=\"ffb-id-qiv75t2 fg-col col-xs-12 col-lg-6 fg-text-dark\"><div class=\"fg-vcenter-wrapper\"><div class=\"fg-vcenter\"><div class=\"fg-match-column-inside-wrapper\"><p class=\"ffb-id-qjddhp2 fg-paragraph text-center    fg-text-dark\"><\/p>\n<ul>\n<li>Starthafen Krk<\/li>\n<li>Segeln entlang der K\u00fcste der Krk Bucht - eine leichte Panoramafahrt entlang der S\u00fcdk\u00fcste der Krk<\/li>\n<li>Einfahrt in die Bucht von Punta - \u00dcber den engen Kanal segeln und in die Bucht von Punta einfahren - Panoramafahrt entlang des Hafens von Punat - Hafen, Altstadt, Werft und Yachthafen Punat - In der Mitte der Bucht befindet sich die Insel Ko\u0161ljun<\/li>\n<\/ul>\n<p><\/p><\/div><\/div><\/div><\/div><\/div><\/div><\/section><style>.ffb-id-qiv75t2{ \npadding-top: 80px;\npadding-bottom: 80px;\n\n}\n.ffb-id-qjdji78{ \npadding-right: 30px;\npadding-left: 30px;\n\n}\n.ffb-id-qjdji78{ \ntext-align: left !important;\n}\n.ffb-id-qjdji78 ,\n.ffb-id-qjdji78:before,\n.ffb-id-qjdji78:after,\n.ffb-id-qjdji78:hover,\n.ffb-id-qjdji78:focus,\n.ffb-id-qjdji78 *,\n.ffb-id-qjdji78 *:before,\n.ffb-id-qjdji78 *:after,\n.ffb-id-qjdji78 *:hover,\n.ffb-id-qjdji78 *:focus{ \ntext-align: left !important;\n}\n.ffb-id-qiug00h{ \npadding-top: 80px;\npadding-bottom: 80px;\n\n}\n.ffb-id-qjddhp2{ padding-right: 30px;padding-left: 30px;}.ffb-id-qjddhp2{ text-align: left !important;}.ffb-id-qjddhp2 ,.ffb-id-qjddhp2:before,.ffb-id-qjddhp2:after,.ffb-id-qjddhp2:hover,.ffb-id-qjddhp2:focus,.ffb-id-qjddhp2 *,.ffb-id-qjddhp2 *:before,.ffb-id-qjddhp2 *:after,.ffb-id-qjddhp2 *:hover,.ffb-id-qjddhp2 *:focus{ text-align: left !important;}<\/style><script type=\"text\/javascript\"><\/script><section class=\"ffb-id-qiudomo fg-section fg-text-light\"><div class=\"fg-container container-fluid fg-container-fluid fg-container-lvl--1 \"><div class=\"fg-row row    fg-row-match-cols\"  data-fg-match-cols=\"{&quot;1&quot;:&quot;0&quot;,&quot;2&quot;:&quot;0&quot;,&quot;3&quot;:&quot;0&quot;,&quot;4&quot;:&quot;1&quot;}\" ><div class=\"ffb-id-qiug00h fg-col col-xs-12 col-lg-6 col-lg-push-6 fg-el-has-bg fg-text-light\"><span class=\"fg-bg\"><span data-fg-bg=\"{&quot;type&quot;:&quot;parallax&quot;,&quot;url&quot;:&quot;https:\\\/\\\/www.otac-roko.com\\\/wp-content\\\/uploads\\\/2017\\\/09\\\/Panorama-Kosljun7.jpg&quot;,&quot;opacity&quot;:&quot;1&quot;,&quot;width&quot;:&quot;800&quot;,&quot;height&quot;:&quot;600&quot;,&quot;speed&quot;:&quot;50&quot;,&quot;size&quot;:&quot;cover&quot;,&quot;offset_h&quot;:&quot;50&quot;,&quot;offset_v&quot;:&quot;50&quot;}\" class=\"fg-bg-layer fg-bg-type-parallax \" style=\"opacity: 1; background-image: url(&quot;https:\/\/www.otac-roko.com\/wp-content\/uploads\/2017\/09\/Panorama-Kosljun7.jpg&quot;);\"><\/span><\/span><div class=\"fg-vcenter-wrapper\"><div class=\"fg-vcenter\"><div class=\"fg-match-column-inside-wrapper\"><\/div><\/div><\/div><\/div><div class=\"ffb-id-qiv75t2 fg-col col-xs-12 col-lg-6 col-lg-pull-6 fg-text-dark\"><div class=\"fg-vcenter-wrapper\"><div class=\"fg-vcenter\"><div class=\"fg-match-column-inside-wrapper\"><p class=\"ffb-id-qjdji78 fg-paragraph text-center    fg-text-dark\"><\/p>\n<ul>\n<li>Stopp auf der Insel Kosljun. Auf der Insel befindet sich ein Franziskanerkomplex - eine alte Kirche und Museen (nat\u00fcrlich und ethnographisch) sowie die Residenz des Priesters - eine Pause von ca. 1h, um den gesamten Komplex zu erkunden<\/li>\n<li>Abfahrt von Ko\u0161ljun und Puntarska Bucht<\/li>\n<li>Bucht von Krk - M\u00f6glichkeit der R\u00fcckkehr nach Krk oder Weiterfahrt zu den nahe gelegenen Inseln<\/li>\n<li>Inseln von Kormat, Plavnik - die Insel der Kormat, die als M\u00f6wen Insel bekannt ist \u2013 Pause f\u00fcr f\u00fctterung die M\u00f6wen - die Plavnik Insel - bekannt als die Geiern Insel - eine Fahrt entlang der K\u00fcste mit hoher Felsen, auf der sich das M\u00f6wen Nest befindet<\/li>\n<\/ul>\n<p>\t<\/p><\/div><\/div><\/div><\/div><\/div><\/div><\/section><style>.ffb-id-qjddhp2{ \npadding-right: 30px;\npadding-left: 30px;\n\n}\n.ffb-id-qjddhp2{ \ntext-align: left !important;\n}\n.ffb-id-qjddhp2 ,\n.ffb-id-qjddhp2:before,\n.ffb-id-qjddhp2:after,\n.ffb-id-qjddhp2:hover,\n.ffb-id-qjddhp2:focus,\n.ffb-id-qjddhp2 *,\n.ffb-id-qjddhp2 *:before,\n.ffb-id-qjddhp2 *:after,\n.ffb-id-qjddhp2 *:hover,\n.ffb-id-qjddhp2 *:focus{ \ntext-align: left !important;\n}\n<\/style><script type=\"text\/javascript\"><\/script><section class=\"ffb-id-qiudomo fg-section fg-text-light\"><div class=\"fg-container container-fluid fg-container-fluid fg-container-lvl--1 \"><div class=\"fg-row row    fg-row-match-cols\"  data-fg-match-cols=\"{&quot;1&quot;:&quot;0&quot;,&quot;2&quot;:&quot;0&quot;,&quot;3&quot;:&quot;0&quot;,&quot;4&quot;:&quot;1&quot;}\" ><div class=\"ffb-id-qiug00h fg-col col-xs-12 col-lg-6 fg-el-has-bg fg-text-light\"><span class=\"fg-bg\"><span data-fg-bg=\"{&quot;type&quot;:&quot;parallax&quot;,&quot;url&quot;:&quot;https:\\\/\\\/www.otac-roko.com\\\/wp-content\\\/uploads\\\/2017\\\/09\\\/Kosljun-Punat.jpg&quot;,&quot;opacity&quot;:&quot;1&quot;,&quot;width&quot;:&quot;532&quot;,&quot;height&quot;:&quot;800&quot;,&quot;speed&quot;:&quot;50&quot;,&quot;size&quot;:&quot;cover&quot;,&quot;offset_h&quot;:&quot;50&quot;,&quot;offset_v&quot;:&quot;50&quot;}\" class=\"fg-bg-layer fg-bg-type-parallax \" style=\"opacity: 1; background-image: url(&quot;https:\/\/www.otac-roko.com\/wp-content\/uploads\/2017\/09\/Kosljun-Punat.jpg&quot;);\"><\/span><\/span><div class=\"fg-vcenter-wrapper\"><div class=\"fg-vcenter\"><div class=\"fg-match-column-inside-wrapper\"><\/div><\/div><\/div><\/div><div class=\"ffb-id-qiv75t2 fg-col col-xs-12 col-lg-6 fg-text-dark\"><div class=\"fg-vcenter-wrapper\"><div class=\"fg-vcenter\"><div class=\"fg-match-column-inside-wrapper\"><p class=\"ffb-id-qjddhp2 fg-paragraph text-center    fg-text-dark\"><\/p>\n<ul>\n<li>R\u00fcckkehr zum Hafen von Krk - ein beeindruckender Blick auf das Meer an den Mauern und die Franziskanerfestung der Altstadt von Krk am Eingang. Panoramablick von 2 bis 5 Uhr - auf Wunsch der G\u00e4ste<\/li>\n<li>In der Exkursion enthalten - Kaffee und Schnaps, Nahrung f\u00fcr M\u00f6wen, Expertenerkl\u00e4rung auf dem ganzen Weg an Bord in drei Weltsprachen (Italienisch, Deutsch und Englisch), Musik usw.<\/li>\n<\/ul>\n<p>\u00a0<\/p><\/div><\/div><\/div><\/div><\/div><\/div><\/section><style><\/style><script type=\"text\/javascript\"><\/script><\/p>\n","protected":false},"excerpt":{"rendered":"","protected":false},"author":2,"featured_media":0,"parent":0,"menu_order":10,"comment_status":"closed","ping_status":"closed","template":"","meta":{"footnotes":""},"class_list":["post-813","page","type-page","status-publish","hentry","post-wrapper"],"yoast_head":"<!-- This site is optimized with the Yoast SEO plugin v26.6 - https:\/\/yoast.com\/wordpress\/plugins\/seo\/ -->\n<title>Panorama Ko\u0161ljun - OTAC ROKO<\/title>\n<meta name=\"robots\" content=\"index, follow, max-snippet:-1, max-image-preview:large, max-video-preview:-1\" \/>\n<link rel=\"canonical\" href=\"https:\/\/www.otac-roko.com\/panorama-kosljun\/?lang=de\" \/>\n<meta property=\"og:locale\" content=\"de_DE\" \/>\n<meta property=\"og:type\" content=\"article\" \/>\n<meta property=\"og:title\" content=\"Panorama Ko\u0161ljun - OTAC ROKO\" \/>\n<meta property=\"og:url\" content=\"https:\/\/www.otac-roko.com\/panorama-kosljun\/?lang=de\" \/>\n<meta property=\"og:site_name\" content=\"OTAC ROKO\" \/>\n<meta property=\"article:modified_time\" content=\"2019-04-10T14:38:09+00:00\" \/>\n<meta name=\"twitter:card\" content=\"summary_large_image\" \/>\n<meta name=\"twitter:label1\" content=\"Gesch\u00e4tzte Lesezeit\" \/>\n\t<meta name=\"twitter:data1\" content=\"11\u00a0Minuten\" \/>\n<script type=\"application\/ld+json\" class=\"yoast-schema-graph\">{\"@context\":\"https:\/\/schema.org\",\"@graph\":[{\"@type\":\"WebPage\",\"@id\":\"https:\/\/www.otac-roko.com\/panorama-kosljun\/?lang=de\",\"url\":\"https:\/\/www.otac-roko.com\/panorama-kosljun\/?lang=de\",\"name\":\"Panorama Ko\u0161ljun - OTAC ROKO\",\"isPartOf\":{\"@id\":\"https:\/\/www.otac-roko.com\/#website\"},\"datePublished\":\"2017-09-11T21:43:40+00:00\",\"dateModified\":\"2019-04-10T14:38:09+00:00\",\"breadcrumb\":{\"@id\":\"https:\/\/www.otac-roko.com\/panorama-kosljun\/?lang=de#breadcrumb\"},\"inLanguage\":\"de\",\"potentialAction\":[{\"@type\":\"ReadAction\",\"target\":[\"https:\/\/www.otac-roko.com\/panorama-kosljun\/?lang=de\"]}]},{\"@type\":\"BreadcrumbList\",\"@id\":\"https:\/\/www.otac-roko.com\/panorama-kosljun\/?lang=de#breadcrumb\",\"itemListElement\":[{\"@type\":\"ListItem\",\"position\":1,\"name\":\"Home\",\"item\":\"https:\/\/www.otac-roko.com\/de\/\"},{\"@type\":\"ListItem\",\"position\":2,\"name\":\"Panorama Ko\u0161ljun\"}]},{\"@type\":\"WebSite\",\"@id\":\"https:\/\/www.otac-roko.com\/#website\",\"url\":\"https:\/\/www.otac-roko.com\/\",\"name\":\"OTAC ROKO\",\"description\":\"Pustolovina po\u010dinje...\",\"potentialAction\":[{\"@type\":\"SearchAction\",\"target\":{\"@type\":\"EntryPoint\",\"urlTemplate\":\"https:\/\/www.otac-roko.com\/?s={search_term_string}\"},\"query-input\":{\"@type\":\"PropertyValueSpecification\",\"valueRequired\":true,\"valueName\":\"search_term_string\"}}],\"inLanguage\":\"de\"}]}<\/script>\n<!-- \/ Yoast SEO plugin. -->","yoast_head_json":{"title":"Panorama Ko\u0161ljun - OTAC ROKO","robots":{"index":"index","follow":"follow","max-snippet":"max-snippet:-1","max-image-preview":"max-image-preview:large","max-video-preview":"max-video-preview:-1"},"canonical":"https:\/\/www.otac-roko.com\/panorama-kosljun\/?lang=de","og_locale":"de_DE","og_type":"article","og_title":"Panorama Ko\u0161ljun - OTAC ROKO","og_url":"https:\/\/www.otac-roko.com\/panorama-kosljun\/?lang=de","og_site_name":"OTAC ROKO","article_modified_time":"2019-04-10T14:38:09+00:00","twitter_card":"summary_large_image","twitter_misc":{"Gesch\u00e4tzte Lesezeit":"11\u00a0Minuten"},"schema":{"@context":"https:\/\/schema.org","@graph":[{"@type":"WebPage","@id":"https:\/\/www.otac-roko.com\/panorama-kosljun\/?lang=de","url":"https:\/\/www.otac-roko.com\/panorama-kosljun\/?lang=de","name":"Panorama Ko\u0161ljun - OTAC ROKO","isPartOf":{"@id":"https:\/\/www.otac-roko.com\/#website"},"datePublished":"2017-09-11T21:43:40+00:00","dateModified":"2019-04-10T14:38:09+00:00","breadcrumb":{"@id":"https:\/\/www.otac-roko.com\/panorama-kosljun\/?lang=de#breadcrumb"},"inLanguage":"de","potentialAction":[{"@type":"ReadAction","target":["https:\/\/www.otac-roko.com\/panorama-kosljun\/?lang=de"]}]},{"@type":"BreadcrumbList","@id":"https:\/\/www.otac-roko.com\/panorama-kosljun\/?lang=de#breadcrumb","itemListElement":[{"@type":"ListItem","position":1,"name":"Home","item":"https:\/\/www.otac-roko.com\/de\/"},{"@type":"ListItem","position":2,"name":"Panorama Ko\u0161ljun"}]},{"@type":"WebSite","@id":"https:\/\/www.otac-roko.com\/#website","url":"https:\/\/www.otac-roko.com\/","name":"OTAC ROKO","description":"Pustolovina po\u010dinje...","potentialAction":[{"@type":"SearchAction","target":{"@type":"EntryPoint","urlTemplate":"https:\/\/www.otac-roko.com\/?s={search_term_string}"},"query-input":{"@type":"PropertyValueSpecification","valueRequired":true,"valueName":"search_term_string"}}],"inLanguage":"de"}]}},"_links":{"self":[{"href":"https:\/\/www.otac-roko.com\/de\/wp-json\/wp\/v2\/pages\/813","targetHints":{"allow":["GET"]}}],"collection":[{"href":"https:\/\/www.otac-roko.com\/de\/wp-json\/wp\/v2\/pages"}],"about":[{"href":"https:\/\/www.otac-roko.com\/de\/wp-json\/wp\/v2\/types\/page"}],"author":[{"embeddable":true,"href":"https:\/\/www.otac-roko.com\/de\/wp-json\/wp\/v2\/users\/2"}],"replies":[{"embeddable":true,"href":"https:\/\/www.otac-roko.com\/de\/wp-json\/wp\/v2\/comments?post=813"}],"version-history":[{"count":8,"href":"https:\/\/www.otac-roko.com\/de\/wp-json\/wp\/v2\/pages\/813\/revisions"}],"predecessor-version":[{"id":1203,"href":"https:\/\/www.otac-roko.com\/de\/wp-json\/wp\/v2\/pages\/813\/revisions\/1203"}],"wp:attachment":[{"href":"https:\/\/www.otac-roko.com\/de\/wp-json\/wp\/v2\/media?parent=813"}],"curies":[{"name":"wp","href":"https:\/\/api.w.org\/{rel}","templated":true}]}}