{"id":815,"date":"2017-09-11T21:44:30","date_gmt":"2017-09-11T21:44:30","guid":{"rendered":"http:\/\/www.otac-roko.com\/rab\/"},"modified":"2019-04-11T12:15:05","modified_gmt":"2019-04-11T12:15:05","slug":"rab","status":"publish","type":"page","link":"https:\/\/www.otac-roko.com\/de\/rab\/","title":{"rendered":"Rab"},"content":{"rendered":"<p><section class=\"ffb-id-qiudomo fg-section fg-text-light\"><div class=\"fg-container container-fluid fg-container-fluid fg-container-lvl--1 \"><div class=\"fg-row row    fg-row-match-cols\"  data-fg-match-cols=\"{&quot;1&quot;:&quot;0&quot;,&quot;2&quot;:&quot;0&quot;,&quot;3&quot;:&quot;0&quot;,&quot;4&quot;:&quot;1&quot;}\" ><div class=\"ffb-id-qiug00h fg-col col-xs-12 col-lg-6 col-lg-push-6 fg-el-has-bg fg-text-light\"><span class=\"fg-bg\"><span data-fg-bg=\"{&quot;type&quot;:&quot;parallax&quot;,&quot;url&quot;:&quot;https:\\\/\\\/www.otac-roko.com\\\/wp-content\\\/uploads\\\/2017\\\/09\\\/Rab11.jpg&quot;,&quot;opacity&quot;:&quot;1&quot;,&quot;width&quot;:&quot;800&quot;,&quot;height&quot;:&quot;600&quot;,&quot;speed&quot;:&quot;50&quot;,&quot;size&quot;:&quot;cover&quot;,&quot;offset_h&quot;:&quot;50&quot;,&quot;offset_v&quot;:&quot;50&quot;}\" class=\"fg-bg-layer fg-bg-type-parallax \" style=\"opacity: 1; background-image: url(&quot;https:\/\/www.otac-roko.com\/wp-content\/uploads\/2017\/09\/Rab11.jpg&quot;);\"><\/span><\/span><div class=\"fg-vcenter-wrapper\"><div class=\"fg-vcenter\"><div class=\"fg-match-column-inside-wrapper\"><\/div><\/div><\/div><\/div><div class=\"ffb-id-qiv75t2 fg-col col-xs-12 col-lg-6 col-lg-pull-6 fg-text-dark\"><div class=\"fg-vcenter-wrapper\"><div class=\"fg-vcenter\"><div class=\"fg-match-column-inside-wrapper\"><p class=\"ffb-id-qjdji78 fg-paragraph text-center    fg-text-dark\">Die Insel Rab, s\u00fcd\u00f6stlich der Insel Krk gelegen, ist mit Pflanzen bedeckt und von wundersch\u00f6nen Str\u00e4nden umgeben, von denen einige nur vom Meer aus erreichbar sind. Unser Ziel ist nur einer dieser Str\u00e4nde. Aber vorher sehen Sie den Leuchtturm Negrit, die Insel Sv. Grgur, M\u00f6wenkolonie auf Galun ... W\u00e4hrend Sie das Meer genie\u00dfen, wird Ihnen die Personal eine leckere Mahlzeit ersparen.<\/p><\/div><\/div><\/div><\/div><\/div><\/div><\/section><style>.ffb-id-qiv75t2{ padding-top: 80px;padding-bottom: 80px;}.ffb-id-qjdji78{ padding-right: 30px;padding-left: 30px;}.ffb-id-qjdji78{ text-align: left !important;}.ffb-id-qjdji78 ,.ffb-id-qjdji78:before,.ffb-id-qjdji78:after,.ffb-id-qjdji78:hover,.ffb-id-qjdji78:focus,.ffb-id-qjdji78 *,.ffb-id-qjdji78 *:before,.ffb-id-qjdji78 *:after,.ffb-id-qjdji78 *:hover,.ffb-id-qjdji78 *:focus{ text-align: left !important;}.ffb-id-qiug00h{ padding-top: 80px;padding-bottom: 80px;}<\/style><script type=\"text\/javascript\"><\/script><section class=\"ffb-id-qiudomo fg-section fg-text-light\"><div class=\"fg-container container-fluid fg-container-fluid fg-container-lvl--1 \"><div class=\"fg-row row    fg-row-match-cols\"  data-fg-match-cols=\"{&quot;1&quot;:&quot;0&quot;,&quot;2&quot;:&quot;0&quot;,&quot;3&quot;:&quot;0&quot;,&quot;4&quot;:&quot;1&quot;}\" ><div class=\"ffb-id-qiug00h fg-col col-xs-12 col-lg-6 fg-el-has-bg fg-text-light\"><span class=\"fg-bg\"><span data-fg-bg=\"{&quot;type&quot;:&quot;parallax&quot;,&quot;url&quot;:&quot;https:\\\/\\\/www.otac-roko.com\\\/wp-content\\\/uploads\\\/2017\\\/09\\\/Rab5.jpg&quot;,&quot;opacity&quot;:&quot;1&quot;,&quot;width&quot;:&quot;800&quot;,&quot;height&quot;:&quot;600&quot;,&quot;speed&quot;:&quot;50&quot;,&quot;size&quot;:&quot;cover&quot;,&quot;offset_h&quot;:&quot;50&quot;,&quot;offset_v&quot;:&quot;50&quot;}\" class=\"fg-bg-layer fg-bg-type-parallax \" style=\"opacity: 1; background-image: url(&quot;https:\/\/www.otac-roko.com\/wp-content\/uploads\/2017\/09\/Rab5.jpg&quot;);\"><\/span><\/span><div class=\"fg-vcenter-wrapper\"><div class=\"fg-vcenter\"><div class=\"fg-match-column-inside-wrapper\"><\/div><\/div><\/div><\/div><div class=\"ffb-id-qiv75t2 fg-col col-xs-12 col-lg-6 fg-text-dark\"><div class=\"fg-vcenter-wrapper\"><div class=\"fg-vcenter\"><div class=\"fg-match-column-inside-wrapper\"><p class=\"ffb-id-qjddhp2 fg-paragraph text-center    fg-text-dark\"><\/p>\n<ul>\n<li>Starthafen Krk um 9.30 h<\/li>\n<li>Fahrt in die Bucht von Krk - eine Trink und einen Gru\u00df an den Kapit\u00e4n<\/li>\n<li>Leuchtturm \"Negrit\" - ein paar Worte zur Bucht und zur Geschichte des Leuchtturms - cca. 20 min.<\/li>\n<li>Die K\u00fcste von Stara Ba\u0161ka - Panoramafahrt entlang der K\u00fcste bis zum Ort Stara Baska. 30 min.<\/li>\n<li>Verlassen der K\u00fcste und Insel Krk in Richtung der Insel Rab - Fahrt zur Insel Rab<\/li>\n<li>Segeln auf der Insel Rab - einem sch\u00f6nen Sandstrand - nur von der Meerseite aus verf\u00fcgbar - Ausschiffung mit einem kleineren Boot - Gummiboot direkt am Strand oder Schwimmen vom Boot aus - das Schiff liegt 10-15 m vom Strand entfernt im flachen Wasser<\/li>\n<\/ul>\n<p><\/p><\/div><\/div><\/div><\/div><\/div><\/div><\/section><style>.ffb-id-qiv75t2{ \npadding-top: 80px;\npadding-bottom: 80px;\n\n}\n.ffb-id-qjdji78{ \npadding-right: 30px;\npadding-left: 30px;\n\n}\n.ffb-id-qjdji78{ \ntext-align: left !important;\n}\n.ffb-id-qjdji78 ,\n.ffb-id-qjdji78:before,\n.ffb-id-qjdji78:after,\n.ffb-id-qjdji78:hover,\n.ffb-id-qjdji78:focus,\n.ffb-id-qjdji78 *,\n.ffb-id-qjdji78 *:before,\n.ffb-id-qjdji78 *:after,\n.ffb-id-qjdji78 *:hover,\n.ffb-id-qjdji78 *:focus{ \ntext-align: left !important;\n}\n.ffb-id-qiug00h{ \npadding-top: 80px;\npadding-bottom: 80px;\n\n}\n.ffb-id-qjddhp2{ padding-right: 30px;padding-left: 30px;}.ffb-id-qjddhp2{ text-align: left !important;}.ffb-id-qjddhp2 ,.ffb-id-qjddhp2:before,.ffb-id-qjddhp2:after,.ffb-id-qjddhp2:hover,.ffb-id-qjddhp2:focus,.ffb-id-qjddhp2 *,.ffb-id-qjddhp2 *:before,.ffb-id-qjddhp2 *:after,.ffb-id-qjddhp2 *:hover,.ffb-id-qjddhp2 *:focus{ text-align: left !important;}<\/style><script type=\"text\/javascript\"><\/script><section class=\"ffb-id-qiudomo fg-section fg-text-light\"><div class=\"fg-container container-fluid fg-container-fluid fg-container-lvl--1 \"><div class=\"fg-row row    fg-row-match-cols\"  data-fg-match-cols=\"{&quot;1&quot;:&quot;0&quot;,&quot;2&quot;:&quot;0&quot;,&quot;3&quot;:&quot;0&quot;,&quot;4&quot;:&quot;1&quot;}\" ><div class=\"ffb-id-qiug00h fg-col col-xs-12 col-lg-6 col-lg-push-6 fg-el-has-bg fg-text-light\"><span class=\"fg-bg\"><span data-fg-bg=\"{&quot;type&quot;:&quot;parallax&quot;,&quot;url&quot;:&quot;https:\\\/\\\/www.otac-roko.com\\\/wp-content\\\/uploads\\\/2017\\\/09\\\/Rab20.jpg&quot;,&quot;opacity&quot;:&quot;1&quot;,&quot;width&quot;:&quot;800&quot;,&quot;height&quot;:&quot;600&quot;,&quot;speed&quot;:&quot;50&quot;,&quot;size&quot;:&quot;cover&quot;,&quot;offset_h&quot;:&quot;50&quot;,&quot;offset_v&quot;:&quot;50&quot;}\" class=\"fg-bg-layer fg-bg-type-parallax \" style=\"opacity: 1; background-image: url(&quot;https:\/\/www.otac-roko.com\/wp-content\/uploads\/2017\/09\/Rab20.jpg&quot;);\"><\/span><\/span><div class=\"fg-vcenter-wrapper\"><div class=\"fg-vcenter\"><div class=\"fg-match-column-inside-wrapper\"><\/div><\/div><\/div><\/div><div class=\"ffb-id-qiv75t2 fg-col col-xs-12 col-lg-6 col-lg-pull-6 fg-text-dark\"><div class=\"fg-vcenter-wrapper\"><div class=\"fg-vcenter\"><div class=\"fg-match-column-inside-wrapper\"><p class=\"ffb-id-qjdji78 fg-paragraph text-center    fg-text-dark\"><\/p>\n<ul>\n<li>Da stehen wir ca. 3h und zu dieser Zeit baden die G\u00e4ste usw., und die Personal bereitet das Mittagessen zu - Fisch oder Fleisch vom Grill - die G\u00e4ste k\u00f6nnen auf dem Boot nach Belieben vorgehen und vor dem Mittagessen kommt das Gummiboot f\u00fcr diejenigen, die nicht zum Boot schwimmen m\u00f6chten<\/li>\n<li>Am Ende des Mittagessens wird der Kaffee gekocht und das Boot f\u00e4hrt in Richtung der Insel Sveti Grgur<\/li>\n<\/ul>\n<p><\/p><\/div><\/div><\/div><\/div><\/div><\/div><\/section><style>.ffb-id-qjddhp2{ \npadding-right: 30px;\npadding-left: 30px;\n\n}\n.ffb-id-qjddhp2{ \ntext-align: left !important;\n}\n.ffb-id-qjddhp2 ,\n.ffb-id-qjddhp2:before,\n.ffb-id-qjddhp2:after,\n.ffb-id-qjddhp2:hover,\n.ffb-id-qjddhp2:focus,\n.ffb-id-qjddhp2 *,\n.ffb-id-qjddhp2 *:before,\n.ffb-id-qjddhp2 *:after,\n.ffb-id-qjddhp2 *:hover,\n.ffb-id-qjddhp2 *:focus{ \ntext-align: left !important;\n}\n<\/style><script type=\"text\/javascript\"><\/script><section class=\"ffb-id-qiudomo fg-section fg-text-light\"><div class=\"fg-container container-fluid fg-container-fluid fg-container-lvl--1 \"><div class=\"fg-row row    fg-row-match-cols\"  data-fg-match-cols=\"{&quot;1&quot;:&quot;0&quot;,&quot;2&quot;:&quot;0&quot;,&quot;3&quot;:&quot;0&quot;,&quot;4&quot;:&quot;1&quot;}\" ><div class=\"ffb-id-qiug00h fg-col col-xs-12 col-lg-6 fg-el-has-bg fg-text-light\"><span class=\"fg-bg\"><span data-fg-bg=\"{&quot;type&quot;:&quot;parallax&quot;,&quot;url&quot;:&quot;https:\\\/\\\/www.otac-roko.com\\\/wp-content\\\/uploads\\\/2017\\\/09\\\/rab1-23.jpg&quot;,&quot;opacity&quot;:&quot;1&quot;,&quot;width&quot;:&quot;1078&quot;,&quot;height&quot;:&quot;720&quot;,&quot;speed&quot;:&quot;50&quot;,&quot;size&quot;:&quot;cover&quot;,&quot;offset_h&quot;:&quot;50&quot;,&quot;offset_v&quot;:&quot;50&quot;}\" class=\"fg-bg-layer fg-bg-type-parallax \" style=\"opacity: 1; background-image: url(&quot;https:\/\/www.otac-roko.com\/wp-content\/uploads\/2017\/09\/rab1-23.jpg&quot;);\"><\/span><\/span><div class=\"fg-vcenter-wrapper\"><div class=\"fg-vcenter\"><div class=\"fg-match-column-inside-wrapper\"><\/div><\/div><\/div><\/div><div class=\"ffb-id-qiv75t2 fg-col col-xs-12 col-lg-6 fg-text-dark\"><div class=\"fg-vcenter-wrapper\"><div class=\"fg-vcenter\"><div class=\"fg-match-column-inside-wrapper\"><p class=\"ffb-id-qjddhp2 fg-paragraph text-center    fg-text-dark\"><\/p>\n<ul>\n<li>Insel Sveti Grgur - das ehemalige weibliche Gefangenlager - von 1950 bis 1972 - einer Pause, um die Ruinen des Gefangenlager zu besuchen - der Kapit\u00e4n f\u00fchrt die G\u00e4ste mit den Ruinen mit einer kurzen Beschreibung der Geschichte der Gefangenlager in Fremdsprachen (Englisch, Deutsch und italienisch) Wer das nicht will, kann er schwimmen - es gibt einen sch\u00f6nen Kiesstrand, ca. 30 min.<\/li>\n<li>Segeln und Fahren in Richtung der Insel Galun. Nach einem kurzen Stopp am Ufer der kleinen Insel Galun, die als M\u00f6wen insel bekannt ist - auf der kleinen Insel lebt eine gro\u00dfe M\u00f6wenkolonie -, beginnt die Besatzung die M\u00f6wen zu f\u00fcttern, und nach der Demonstration und den G\u00e4sten (mit altes Brot) cca. 10 min.<\/li>\n<\/ul>\n<p><\/p><\/div><\/div><\/div><\/div><\/div><\/div><\/section><style><\/style><script type=\"text\/javascript\"><\/script><section class=\"ffb-id-qiudomo fg-section fg-text-light\"><div class=\"fg-container container-fluid fg-container-fluid fg-container-lvl--1 \"><div class=\"fg-row row    fg-row-match-cols\"  data-fg-match-cols=\"{&quot;1&quot;:&quot;0&quot;,&quot;2&quot;:&quot;0&quot;,&quot;3&quot;:&quot;0&quot;,&quot;4&quot;:&quot;1&quot;}\" ><div class=\"ffb-id-qiug00h fg-col col-xs-12 col-lg-6 col-lg-push-6 fg-el-has-bg fg-text-light\"><span class=\"fg-bg\"><span data-fg-bg=\"{&quot;type&quot;:&quot;parallax&quot;,&quot;url&quot;:&quot;https:\\\/\\\/www.otac-roko.com\\\/wp-content\\\/uploads\\\/2017\\\/09\\\/Rab4.jpg&quot;,&quot;opacity&quot;:&quot;1&quot;,&quot;width&quot;:&quot;800&quot;,&quot;height&quot;:&quot;600&quot;,&quot;speed&quot;:&quot;50&quot;,&quot;size&quot;:&quot;cover&quot;,&quot;offset_h&quot;:&quot;50&quot;,&quot;offset_v&quot;:&quot;50&quot;}\" class=\"fg-bg-layer fg-bg-type-parallax \" style=\"opacity: 1; background-image: url(&quot;https:\/\/www.otac-roko.com\/wp-content\/uploads\/2017\/09\/Rab4.jpg&quot;);\"><\/span><\/span><div class=\"fg-vcenter-wrapper\"><div class=\"fg-vcenter\"><div class=\"fg-match-column-inside-wrapper\"><\/div><\/div><\/div><\/div><div class=\"ffb-id-qiv75t2 fg-col col-xs-12 col-lg-6 col-lg-pull-6 fg-text-dark\"><div class=\"fg-vcenter-wrapper\"><div class=\"fg-vcenter\"><div class=\"fg-match-column-inside-wrapper\"><p class=\"ffb-id-qjdji78 fg-paragraph text-center    fg-text-dark\"><\/p>\n<ul>\n<li>Panoramafahrten entlang der K\u00fcste bis zur Bucht von Bi\u0161kupi\u0107i \"goldene Felsen\" und Ankern in der Bucht ca. 10 Meter vom Strand entfernt - Badepause - 30-45 min. - auf Wunsch der G\u00e4ste<\/li>\n<li>Panoramafahrt zum Stadt Krk entlang der K\u00fcste<\/li>\n<li>Einstieg in den Hafen von Krk - kurze Geschichte von Krk<\/li>\n<li>Landung<\/li>\n<li>Notiz - Der Kapit\u00e4n w\u00e4hrend des gesamten Exkursion gibt verschiedene Informationen \u00fcber die Reise<\/li>\n<\/ul>\n<p><\/p><\/div><\/div><\/div><\/div><\/div><\/div><\/section><style><\/style><script type=\"text\/javascript\"><\/script><\/p>\n","protected":false},"excerpt":{"rendered":"","protected":false},"author":2,"featured_media":0,"parent":0,"menu_order":10,"comment_status":"closed","ping_status":"closed","template":"","meta":{"footnotes":""},"class_list":["post-815","page","type-page","status-publish","hentry","post-wrapper"],"yoast_head":"<!-- This site is optimized with the Yoast SEO plugin v26.6 - https:\/\/yoast.com\/wordpress\/plugins\/seo\/ -->\n<title>Rab - OTAC ROKO<\/title>\n<meta name=\"robots\" content=\"index, follow, max-snippet:-1, max-image-preview:large, max-video-preview:-1\" \/>\n<link rel=\"canonical\" href=\"https:\/\/www.otac-roko.com\/rab\/?lang=de\" \/>\n<meta property=\"og:locale\" content=\"de_DE\" \/>\n<meta property=\"og:type\" content=\"article\" \/>\n<meta property=\"og:title\" content=\"Rab - OTAC ROKO\" \/>\n<meta property=\"og:url\" content=\"https:\/\/www.otac-roko.com\/rab\/?lang=de\" \/>\n<meta property=\"og:site_name\" content=\"OTAC ROKO\" \/>\n<meta property=\"article:modified_time\" content=\"2019-04-11T12:15:05+00:00\" \/>\n<meta name=\"twitter:card\" content=\"summary_large_image\" \/>\n<meta name=\"twitter:label1\" content=\"Gesch\u00e4tzte Lesezeit\" \/>\n\t<meta name=\"twitter:data1\" content=\"14\u00a0Minuten\" \/>\n<script type=\"application\/ld+json\" class=\"yoast-schema-graph\">{\"@context\":\"https:\/\/schema.org\",\"@graph\":[{\"@type\":\"WebPage\",\"@id\":\"https:\/\/www.otac-roko.com\/rab\/?lang=de\",\"url\":\"https:\/\/www.otac-roko.com\/rab\/?lang=de\",\"name\":\"Rab - OTAC ROKO\",\"isPartOf\":{\"@id\":\"https:\/\/www.otac-roko.com\/#website\"},\"datePublished\":\"2017-09-11T21:44:30+00:00\",\"dateModified\":\"2019-04-11T12:15:05+00:00\",\"breadcrumb\":{\"@id\":\"https:\/\/www.otac-roko.com\/rab\/?lang=de#breadcrumb\"},\"inLanguage\":\"de\",\"potentialAction\":[{\"@type\":\"ReadAction\",\"target\":[\"https:\/\/www.otac-roko.com\/rab\/?lang=de\"]}]},{\"@type\":\"BreadcrumbList\",\"@id\":\"https:\/\/www.otac-roko.com\/rab\/?lang=de#breadcrumb\",\"itemListElement\":[{\"@type\":\"ListItem\",\"position\":1,\"name\":\"Home\",\"item\":\"https:\/\/www.otac-roko.com\/de\/\"},{\"@type\":\"ListItem\",\"position\":2,\"name\":\"Rab\"}]},{\"@type\":\"WebSite\",\"@id\":\"https:\/\/www.otac-roko.com\/#website\",\"url\":\"https:\/\/www.otac-roko.com\/\",\"name\":\"OTAC ROKO\",\"description\":\"Pustolovina po\u010dinje...\",\"potentialAction\":[{\"@type\":\"SearchAction\",\"target\":{\"@type\":\"EntryPoint\",\"urlTemplate\":\"https:\/\/www.otac-roko.com\/?s={search_term_string}\"},\"query-input\":{\"@type\":\"PropertyValueSpecification\",\"valueRequired\":true,\"valueName\":\"search_term_string\"}}],\"inLanguage\":\"de\"}]}<\/script>\n<!-- \/ Yoast SEO plugin. -->","yoast_head_json":{"title":"Rab - OTAC ROKO","robots":{"index":"index","follow":"follow","max-snippet":"max-snippet:-1","max-image-preview":"max-image-preview:large","max-video-preview":"max-video-preview:-1"},"canonical":"https:\/\/www.otac-roko.com\/rab\/?lang=de","og_locale":"de_DE","og_type":"article","og_title":"Rab - OTAC ROKO","og_url":"https:\/\/www.otac-roko.com\/rab\/?lang=de","og_site_name":"OTAC ROKO","article_modified_time":"2019-04-11T12:15:05+00:00","twitter_card":"summary_large_image","twitter_misc":{"Gesch\u00e4tzte Lesezeit":"14\u00a0Minuten"},"schema":{"@context":"https:\/\/schema.org","@graph":[{"@type":"WebPage","@id":"https:\/\/www.otac-roko.com\/rab\/?lang=de","url":"https:\/\/www.otac-roko.com\/rab\/?lang=de","name":"Rab - OTAC ROKO","isPartOf":{"@id":"https:\/\/www.otac-roko.com\/#website"},"datePublished":"2017-09-11T21:44:30+00:00","dateModified":"2019-04-11T12:15:05+00:00","breadcrumb":{"@id":"https:\/\/www.otac-roko.com\/rab\/?lang=de#breadcrumb"},"inLanguage":"de","potentialAction":[{"@type":"ReadAction","target":["https:\/\/www.otac-roko.com\/rab\/?lang=de"]}]},{"@type":"BreadcrumbList","@id":"https:\/\/www.otac-roko.com\/rab\/?lang=de#breadcrumb","itemListElement":[{"@type":"ListItem","position":1,"name":"Home","item":"https:\/\/www.otac-roko.com\/de\/"},{"@type":"ListItem","position":2,"name":"Rab"}]},{"@type":"WebSite","@id":"https:\/\/www.otac-roko.com\/#website","url":"https:\/\/www.otac-roko.com\/","name":"OTAC ROKO","description":"Pustolovina po\u010dinje...","potentialAction":[{"@type":"SearchAction","target":{"@type":"EntryPoint","urlTemplate":"https:\/\/www.otac-roko.com\/?s={search_term_string}"},"query-input":{"@type":"PropertyValueSpecification","valueRequired":true,"valueName":"search_term_string"}}],"inLanguage":"de"}]}},"_links":{"self":[{"href":"https:\/\/www.otac-roko.com\/de\/wp-json\/wp\/v2\/pages\/815","targetHints":{"allow":["GET"]}}],"collection":[{"href":"https:\/\/www.otac-roko.com\/de\/wp-json\/wp\/v2\/pages"}],"about":[{"href":"https:\/\/www.otac-roko.com\/de\/wp-json\/wp\/v2\/types\/page"}],"author":[{"embeddable":true,"href":"https:\/\/www.otac-roko.com\/de\/wp-json\/wp\/v2\/users\/2"}],"replies":[{"embeddable":true,"href":"https:\/\/www.otac-roko.com\/de\/wp-json\/wp\/v2\/comments?post=815"}],"version-history":[{"count":10,"href":"https:\/\/www.otac-roko.com\/de\/wp-json\/wp\/v2\/pages\/815\/revisions"}],"predecessor-version":[{"id":1236,"href":"https:\/\/www.otac-roko.com\/de\/wp-json\/wp\/v2\/pages\/815\/revisions\/1236"}],"wp:attachment":[{"href":"https:\/\/www.otac-roko.com\/de\/wp-json\/wp\/v2\/media?parent=815"}],"curies":[{"name":"wp","href":"https:\/\/api.w.org\/{rel}","templated":true}]}}